{"id":5911,"date":"2024-08-02T08:16:33","date_gmt":"2024-08-02T06:16:33","guid":{"rendered":"https:\/\/www.supralegit.com\/?page_id=5911"},"modified":"2025-03-17T14:08:14","modified_gmt":"2025-03-17T13:08:14","slug":"declaracion-de-accesibilidad","status":"publish","type":"page","link":"https:\/\/www.supralegit.com\/ru\/declaracion-de-accesibilidad\/","title":{"rendered":"Declaraci\u00f3n de accesibilidad"},"content":{"rendered":"<style>.kb-row-layout-id5911_73fc61-85 > .kt-row-column-wrap{align-content:start;}:where(.kb-row-layout-id5911_73fc61-85 > .kt-row-column-wrap) > .wp-block-kadence-column{justify-content:start;}.kb-row-layout-id5911_73fc61-85 > .kt-row-column-wrap{column-gap:var(--global-kb-gap-lg, 4rem);row-gap:var(--global-kb-gap-md, 2rem);padding-top:0px;padding-bottom:var(--global-kb-spacing-lg, 3rem);grid-template-columns:minmax(0, calc(25% - ((var(--global-kb-gap-lg, 4rem) * 1 )\/2)))minmax(0, calc(75% - ((var(--global-kb-gap-lg, 4rem) * 1 )\/2)));}.kb-row-layout-id5911_73fc61-85 > .kt-row-layout-overlay{opacity:0.30;}@media all and (max-width: 1024px){.kb-row-layout-id5911_73fc61-85 > .kt-row-column-wrap{grid-template-columns:minmax(0, 1fr) minmax(0, 2fr);}}@media all and (max-width: 767px){.kb-row-layout-id5911_73fc61-85 > .kt-row-column-wrap{grid-template-columns:minmax(0, 1fr);}.kb-row-layout-id5911_73fc61-85 > .kt-row-column-wrap > .wp-block-kadence-column:nth-of-type(1){order:2;}.kb-row-layout-id5911_73fc61-85 > .kt-row-column-wrap > .wp-block-kadence-column:nth-of-type(2){order:1;}.kb-row-layout-id5911_73fc61-85 > .kt-row-column-wrap > .wp-block-kadence-column:nth-of-type(3){order:12;}.kb-row-layout-id5911_73fc61-85 > .kt-row-column-wrap > .wp-block-kadence-column:nth-of-type(4){order:11;}.kb-row-layout-id5911_73fc61-85 > .kt-row-column-wrap > .wp-block-kadence-column:nth-of-type(5){order:22;}.kb-row-layout-id5911_73fc61-85 > .kt-row-column-wrap > .wp-block-kadence-column:nth-of-type(6){order:21;}.kb-row-layout-id5911_73fc61-85 > .kt-row-column-wrap > .wp-block-kadence-column:nth-of-type(7){order:32;}.kb-row-layout-id5911_73fc61-85 > .kt-row-column-wrap > .wp-block-kadence-column:nth-of-type(8){order:31;}}<\/style><div class=\"kb-row-layout-wrap kb-row-layout-id5911_73fc61-85 alignnone wp-block-kadence-rowlayout\"><div class=\"kt-row-column-wrap kt-has-2-columns kt-row-layout-right-golden kt-tab-layout-inherit kt-mobile-layout-row kt-row-valign-top\">\n<style>#wrapper.site{overflow:clip;}.kadence-column5911_f3b206-2a{--kb-section-setting-offset:140px;}.kadence-column5911_f3b206-2a > .kt-inside-inner-col,.kadence-column5911_f3b206-2a > .kt-inside-inner-col:before{border-top-left-radius:0px;border-top-right-radius:0px;border-bottom-right-radius:0px;border-bottom-left-radius:0px;}.kadence-column5911_f3b206-2a > .kt-inside-inner-col{column-gap:var(--global-kb-gap-sm, 1rem);}.kadence-column5911_f3b206-2a > .kt-inside-inner-col{flex-direction:column;}.kadence-column5911_f3b206-2a > .kt-inside-inner-col > .aligncenter{width:100%;}.kadence-column5911_f3b206-2a > .kt-inside-inner-col:before{opacity:0.3;}.kadence-column5911_f3b206-2a{position:relative;}@media all and (max-width: 1024px){.kadence-column5911_f3b206-2a > .kt-inside-inner-col{flex-direction:column;justify-content:center;}}@media all and (max-width: 767px){.kadence-column5911_f3b206-2a > .kt-inside-inner-col{flex-direction:column;justify-content:center;}}<\/style>\n<div class=\"wp-block-kadence-column kadence-column5911_f3b206-2a kb-section-is-sticky\"><div class=\"kt-inside-inner-col\"><div class=\"wp-block-navigation\"><ul class=\"wp-block-navigation__container is-vertical wp-block-navigation\" style=\"gap: 0.5rem;\"><li class=\" wp-block-navigation-item wp-block-navigation-link\"><a class=\"wp-block-navigation-item__content\" href=\"https:\/\/www.supralegit.com\/politica-de-privacidad\/\">Pol\u00edtica de privacidad<\/a><\/li><li class=\" wp-block-navigation-item wp-block-navigation-link\"><a class=\"wp-block-navigation-item__content\" href=\"https:\/\/www.supralegit.com\/aviso-legal\/\">Aviso legal<\/a><\/li><li class=\" wp-block-navigation-item wp-block-navigation-link\"><a class=\"wp-block-navigation-item__content\" href=\"https:\/\/www.supralegit.com\/politica-de-cookies\/\">Pol\u00edtica de cookies<\/a><\/li><li class=\" wp-block-navigation-item wp-block-navigation-link\"><a class=\"wp-block-navigation-item__content\" href=\"https:\/\/www.supralegit.com\/terminos-y-condiciones\/\">T\u00e9rminos y condiciones<\/a><\/li><li class=\" wp-block-navigation-item wp-block-navigation-link\"><a class=\"wp-block-navigation-item__content\" href=\"https:\/\/www.supralegit.com\/declaracion-de-accesibilidad-2\/\">Declaraci\u00f3n de accesibilidad<\/a><\/li><li class=\" wp-block-navigation-item wp-block-navigation-link\"><a class=\"wp-block-navigation-item__content\" href=\"https:\/\/www.supralegit.com\/mapa-web\/\">Mapa web<\/a><\/li><\/ul><\/div>\n<\/div><\/div>\n\n\n<style>.kadence-column5911_8d3cdf-a6 > .kt-inside-inner-col,.kadence-column5911_8d3cdf-a6 > .kt-inside-inner-col:before{border-top-left-radius:0px;border-top-right-radius:0px;border-bottom-right-radius:0px;border-bottom-left-radius:0px;}.kadence-column5911_8d3cdf-a6 > .kt-inside-inner-col{column-gap:var(--global-kb-gap-sm, 1rem);}.kadence-column5911_8d3cdf-a6 > .kt-inside-inner-col{flex-direction:column;}.kadence-column5911_8d3cdf-a6 > .kt-inside-inner-col > .aligncenter{width:100%;}.kadence-column5911_8d3cdf-a6 > .kt-inside-inner-col:before{opacity:0.3;}.kadence-column5911_8d3cdf-a6{position:relative;}@media all and (max-width: 1024px){.kadence-column5911_8d3cdf-a6 > .kt-inside-inner-col{flex-direction:column;justify-content:center;}}@media all and (max-width: 767px){.kadence-column5911_8d3cdf-a6 > .kt-inside-inner-col{flex-direction:column;justify-content:center;}}<\/style>\n<div class=\"wp-block-kadence-column kadence-column5911_8d3cdf-a6\"><div class=\"kt-inside-inner-col\">\n<p><strong>SUPRA LEGIT, S.L.<\/strong> se ha comprometido a hacer accesible su sitio web, de conformidad con el Real Decreto 1112\/2018, de 7 de septiembre, sobre accesibilidad de los sitios web y aplicaciones para dispositivos m\u00f3viles del sector p\u00fablico.<\/p>\n\n\n\n<p>Esta declaraci\u00f3n de accesibilidad se aplica a esta web.<\/p>\n\n\n\n<h2 class=\"wp-block-heading has-medium-font-size\">Situaci\u00f3n de cumplimiento<\/h2>\n\n\n\n<p>Este sitio web est\u00e1 desarrollado de acuerdo con el RD 1112\/2018<\/p>\n\n\n\n<h2 class=\"wp-block-heading has-medium-font-size\">Preparaci\u00f3n para la siguiente declaraci\u00f3n de accesibilidad<\/h2>\n\n\n\n<p>Esta declaraci\u00f3n fue preparada el 20 de mayo de 2023.<\/p>\n\n\n\n<p>El m\u00e9todo empleado para preparar la declaraci\u00f3n ha sido una autoevaluaci\u00f3n.<\/p>\n\n\n\n<h2 class=\"wp-block-heading has-medium-font-size\">Observaciones y datos de contacto<\/h2>\n\n\n\n<p>Puede realizar comunicaciones sobre requisitos de accesibilidad (art\u00edculo 10.2.a del RD 1112\/2018) como:<\/p>\n\n\n\n<ul class=\"wp-block-list\">\n<li>Informar sobre cualquier posible incumplimiento por parte de este sitio web<\/li>\n\n\n\n<li>Transmitir otras dificultades de acceso al contenido<\/li>\n\n\n\n<li>Formular cualquier otra consulta o sugerencia de mejora relativa a la accesibilidad del sitio web a trav\u00e9s de formulario de contacto de este sitio web o a trav\u00e9s del n\u00famero de tel\u00e9fono 963 210 530<\/li>\n<\/ul>\n\n\n\n<p>Puede presentar:<\/p>\n\n\n\n<ul class=\"wp-block-list\">\n<li>Queja relativa al cumplimiento de los requisitos del RD 1112\/2018<\/li>\n\n\n\n<li>Solicitud de informaci\u00f3n accesible relativa a:\n<ul class=\"wp-block-list\">\n<li>Contenidos que est\u00e1n excluidos del \u00e1mbito de aplicaci\u00f3n del RD 1112\/2018 seg\u00fan lo que establece el art\u00edculo 3, apartado 4<\/li>\n\n\n\n<li>Contenidos que est\u00e1n exentos del cumplimiento de los requisitos de accesibilidad para imponer una carga desproporcionada<\/li>\n\n\n\n<li>En la Solicitud de informaci\u00f3n accesible, deben concretarse, con toda claridad, los hechos, las razones y la petici\u00f3n que permitan constatar que se trata de una solicitud razonable y leg\u00edtima.<\/li>\n<\/ul>\n<\/li>\n<\/ul>\n\n\n\n<p>Las quejas y reclamaciones sobre informaci\u00f3n accesible se realizar\u00e1n a trav\u00e9s de la sede electr\u00f3nica (<a href=\"https:\/\/sede.red.gob.es\/procedimientos\/quejas-y-sugerencias\" target=\"_blank\" rel=\"noreferrer noopener\">https:\/\/sede.red.gob.es\/procedimientos\/quejas-y-sugerencias<\/a>), y ser\u00e1n recibidas y tratadas por el \u00e1rea de Sistemas de la Informaci\u00f3n de Red.es.<\/p>\n\n\n\n<h2 class=\"wp-block-heading has-medium-font-size\">Contenido opcional<\/h2>\n\n\n\n<ul class=\"wp-block-list\">\n<li>Si desea cambiar el tama\u00f1o de letra del texto en los principales navegadores gr\u00e1ficos utilice los siguientes men\u00fas:<\/li>\n\n\n\n<li>Safari: Ver &gt; Hacer el texto m\u00e1s grande<\/li>\n\n\n\n<li>Chrome: Controla la p\u00e1gina actual &gt; Tama\u00f1o del texto<\/li>\n<\/ul>\n\n\n\n<p>Para modificar el tama\u00f1o de todo en la p\u00e1gina:<\/p>\n\n\n\n<ul class=\"wp-block-list\">\n<li>Ctrl++ para aumentarlo<\/li>\n\n\n\n<li>Ctrl + \u2013 para disminuirlo<\/li>\n\n\n\n<li>Ctrl + 0 restaura el tama\u00f1o original del texto<\/li>\n\n\n\n<li>Si lo que desea es anular la hoja de estilos o modificar el color del texto, puede consultar la p\u00e1gina How to Change Text Size o Colores de la WAI, que se puede leer traducido al espa\u00f1ol en C\u00f3mo cambiar el tama\u00f1o del texto o colores?<\/li>\n<\/ul>\n<\/div><\/div>\n\n<\/div><\/div>","protected":false},"excerpt":{"rendered":"<p>SUPRA LEGIT, S.L. se ha comprometido a hacer accesible su sitio web, de conformidad con el Real Decreto 1112\/2018, de 7 de septiembre, sobre accesibilidad de los sitios web y&#8230;<\/p>\n","protected":false},"author":1,"featured_media":0,"parent":0,"menu_order":218,"comment_status":"closed","ping_status":"closed","template":"","meta":{"_acf_changed":false,"_kad_blocks_custom_css":"","_kad_blocks_head_custom_js":"","_kad_blocks_body_custom_js":"","_kad_blocks_footer_custom_js":"","_kadence_starter_templates_imported_post":false,"_kad_post_transparent":"","_kad_post_title":"","_kad_post_layout":"","_kad_post_sidebar_id":"","_kad_post_content_style":"","_kad_post_vertical_padding":"","_kad_post_feature":"","_kad_post_feature_position":"","_kad_post_header":false,"_kad_post_footer":false,"_joinchat":[],"footnotes":""},"class_list":["post-5911","page","type-page","status-publish","hentry"],"acf":[],"_kad_element_language":null,"wpml_media_processed":null,"_wpml_media_featured":"1","_wpml_media_duplicate":"1","_last_translation_edit_mode":"native-editor","_wpml_location_migration_done":null,"_wpml_word_count":null,"yoast_head":"<!-- This site is optimized with the Yoast SEO plugin v27.4 - https:\/\/yoast.com\/product\/yoast-seo-wordpress\/ -->\n<title>\u0417\u0430\u044f\u0432\u043b\u0435\u043d\u0438\u0435 \u043e \u0434\u043e\u0441\u0442\u0443\u043f\u043d\u043e\u0441\u0442\u0438 \ud83c\udf10 \u0414\u043b\u044f \u0432\u0441\u0435\u0445 - Supra Legit<\/title>\n<meta name=\"description\" content=\"\u041c\u044b \u043e\u0431\u0435\u0441\u043f\u0435\u0447\u0438\u0432\u0430\u0435\u043c \u0432\u0435\u0431-\u0434\u043e\u0441\u0442\u0443\u043f\u043d\u043e\u0441\u0442\u044c \ud83c\udf0d \u0432 \u0441\u043e\u043e\u0442\u0432\u0435\u0442\u0441\u0442\u0432\u0438\u0438 \u0441 \u0438\u0441\u043f\u0430\u043d\u0441\u043a\u0438\u043c\u0438 \u043d\u043e\u0440\u043c\u0430\u0442\u0438\u0432\u0430\u043c\u0438. \u0423\u043b\u0443\u0447\u0448\u0438\u0442\u0435 \u043d\u0430\u0432\u0438\u0433\u0430\u0446\u0438\u044e \u0441 \u043d\u0430\u0448\u0435\u0439 \u0441\u043f\u0435\u0446\u0438\u0430\u043b\u0438\u0437\u0438\u0440\u043e\u0432\u0430\u043d\u043d\u043e\u0439 \u043f\u043e\u0434\u0434\u0435\u0440\u0436\u043a\u043e\u0439.\" \/>\n<meta name=\"robots\" content=\"index, follow, max-snippet:-1, max-image-preview:large, max-video-preview:-1\" \/>\n<link rel=\"canonical\" href=\"https:\/\/www.supralegit.com\/ru\/declaracion-de-accesibilidad\/\" \/>\n<meta property=\"og:locale\" content=\"ru_RU\" \/>\n<meta property=\"og:type\" content=\"article\" \/>\n<meta property=\"og:title\" content=\"\u0417\u0430\u044f\u0432\u043b\u0435\u043d\u0438\u0435 \u043e \u0434\u043e\u0441\u0442\u0443\u043f\u043d\u043e\u0441\u0442\u0438 \ud83c\udf10 \u0414\u043b\u044f \u0432\u0441\u0435\u0445 - Supra Legit\" \/>\n<meta property=\"og:description\" content=\"\u041c\u044b \u043e\u0431\u0435\u0441\u043f\u0435\u0447\u0438\u0432\u0430\u0435\u043c \u0432\u0435\u0431-\u0434\u043e\u0441\u0442\u0443\u043f\u043d\u043e\u0441\u0442\u044c \ud83c\udf0d \u0432 \u0441\u043e\u043e\u0442\u0432\u0435\u0442\u0441\u0442\u0432\u0438\u0438 \u0441 \u0438\u0441\u043f\u0430\u043d\u0441\u043a\u0438\u043c\u0438 \u043d\u043e\u0440\u043c\u0430\u0442\u0438\u0432\u0430\u043c\u0438. \u0423\u043b\u0443\u0447\u0448\u0438\u0442\u0435 \u043d\u0430\u0432\u0438\u0433\u0430\u0446\u0438\u044e \u0441 \u043d\u0430\u0448\u0435\u0439 \u0441\u043f\u0435\u0446\u0438\u0430\u043b\u0438\u0437\u0438\u0440\u043e\u0432\u0430\u043d\u043d\u043e\u0439 \u043f\u043e\u0434\u0434\u0435\u0440\u0436\u043a\u043e\u0439.\" \/>\n<meta property=\"og:url\" content=\"https:\/\/www.supralegit.com\/ru\/declaracion-de-accesibilidad\/\" \/>\n<meta property=\"og:site_name\" content=\"Supra Legit Lawyers\" \/>\n<meta property=\"article:modified_time\" content=\"2025-03-17T13:08:14+00:00\" \/>\n<meta name=\"twitter:card\" content=\"summary_large_image\" \/>\n<meta name=\"twitter:label1\" content=\"\u041f\u0440\u0438\u043c\u0435\u0440\u043d\u043e\u0435 \u0432\u0440\u0435\u043c\u044f \u0434\u043b\u044f \u0447\u0442\u0435\u043d\u0438\u044f\" \/>\n\t<meta name=\"twitter:data1\" content=\"2 \u043c\u0438\u043d\u0443\u0442\u044b\" \/>\n<script type=\"application\/ld+json\" class=\"yoast-schema-graph\">{\"@context\":\"https:\\\/\\\/schema.org\",\"@graph\":[{\"@type\":\"WebPage\",\"@id\":\"https:\\\/\\\/www.supralegit.com\\\/ru\\\/declaracion-de-accesibilidad\\\/\",\"url\":\"https:\\\/\\\/www.supralegit.com\\\/ru\\\/declaracion-de-accesibilidad\\\/\",\"name\":\"\u0417\u0430\u044f\u0432\u043b\u0435\u043d\u0438\u0435 \u043e \u0434\u043e\u0441\u0442\u0443\u043f\u043d\u043e\u0441\u0442\u0438 \ud83c\udf10 \u0414\u043b\u044f \u0432\u0441\u0435\u0445 - Supra Legit\",\"isPartOf\":{\"@id\":\"https:\\\/\\\/www.supralegit.com\\\/ru\\\/#website\"},\"datePublished\":\"2024-08-02T06:16:33+00:00\",\"dateModified\":\"2025-03-17T13:08:14+00:00\",\"description\":\"\u041c\u044b \u043e\u0431\u0435\u0441\u043f\u0435\u0447\u0438\u0432\u0430\u0435\u043c \u0432\u0435\u0431-\u0434\u043e\u0441\u0442\u0443\u043f\u043d\u043e\u0441\u0442\u044c \ud83c\udf0d \u0432 \u0441\u043e\u043e\u0442\u0432\u0435\u0442\u0441\u0442\u0432\u0438\u0438 \u0441 \u0438\u0441\u043f\u0430\u043d\u0441\u043a\u0438\u043c\u0438 \u043d\u043e\u0440\u043c\u0430\u0442\u0438\u0432\u0430\u043c\u0438. \u0423\u043b\u0443\u0447\u0448\u0438\u0442\u0435 \u043d\u0430\u0432\u0438\u0433\u0430\u0446\u0438\u044e \u0441 \u043d\u0430\u0448\u0435\u0439 \u0441\u043f\u0435\u0446\u0438\u0430\u043b\u0438\u0437\u0438\u0440\u043e\u0432\u0430\u043d\u043d\u043e\u0439 \u043f\u043e\u0434\u0434\u0435\u0440\u0436\u043a\u043e\u0439.\",\"breadcrumb\":{\"@id\":\"https:\\\/\\\/www.supralegit.com\\\/ru\\\/declaracion-de-accesibilidad\\\/#breadcrumb\"},\"inLanguage\":\"ru-RU\",\"potentialAction\":[{\"@type\":\"ReadAction\",\"target\":[\"https:\\\/\\\/www.supralegit.com\\\/ru\\\/declaracion-de-accesibilidad\\\/\"]}]},{\"@type\":\"BreadcrumbList\",\"@id\":\"https:\\\/\\\/www.supralegit.com\\\/ru\\\/declaracion-de-accesibilidad\\\/#breadcrumb\",\"itemListElement\":[{\"@type\":\"ListItem\",\"position\":1,\"name\":\"\u0413\u043b\u0430\u0432\u043d\u0430\u044f \u0441\u0442\u0440\u0430\u043d\u0438\u0446\u0430\",\"item\":\"https:\\\/\\\/www.supralegit.com\\\/ru\\\/\"},{\"@type\":\"ListItem\",\"position\":2,\"name\":\"Declaraci\u00f3n de accesibilidad\"}]},{\"@type\":\"WebSite\",\"@id\":\"https:\\\/\\\/www.supralegit.com\\\/ru\\\/#website\",\"url\":\"https:\\\/\\\/www.supralegit.com\\\/ru\\\/\",\"name\":\"Supra Legit Lawyers\",\"description\":\"Asesor\u00eda jur\u00eddica y fiscal para startups y empresas\",\"publisher\":{\"@id\":\"https:\\\/\\\/www.supralegit.com\\\/ru\\\/#organization\"},\"potentialAction\":[{\"@type\":\"SearchAction\",\"target\":{\"@type\":\"EntryPoint\",\"urlTemplate\":\"https:\\\/\\\/www.supralegit.com\\\/ru\\\/?s={search_term_string}\"},\"query-input\":{\"@type\":\"PropertyValueSpecification\",\"valueRequired\":true,\"valueName\":\"search_term_string\"}}],\"inLanguage\":\"ru-RU\"},{\"@type\":\"Organization\",\"@id\":\"https:\\\/\\\/www.supralegit.com\\\/ru\\\/#organization\",\"name\":\"Supra Legit Lawyers\",\"url\":\"https:\\\/\\\/www.supralegit.com\\\/ru\\\/\",\"logo\":{\"@type\":\"ImageObject\",\"inLanguage\":\"ru-RU\",\"@id\":\"https:\\\/\\\/www.supralegit.com\\\/ru\\\/#\\\/schema\\\/logo\\\/image\\\/\",\"url\":\"https:\\\/\\\/www.supralegit.com\\\/wp-content\\\/uploads\\\/2024\\\/07\\\/cropped-Imagen-de-WhatsApp-2024-07-08-a-las-10.28.49_7fe5271c-1.jpg\",\"contentUrl\":\"https:\\\/\\\/www.supralegit.com\\\/wp-content\\\/uploads\\\/2024\\\/07\\\/cropped-Imagen-de-WhatsApp-2024-07-08-a-las-10.28.49_7fe5271c-1.jpg\",\"width\":1600,\"height\":850,\"caption\":\"Supra Legit Lawyers\"},\"image\":{\"@id\":\"https:\\\/\\\/www.supralegit.com\\\/ru\\\/#\\\/schema\\\/logo\\\/image\\\/\"}}]}<\/script>\n<!-- \/ Yoast SEO plugin. -->","yoast_head_json":{"title":"\u0417\u0430\u044f\u0432\u043b\u0435\u043d\u0438\u0435 \u043e \u0434\u043e\u0441\u0442\u0443\u043f\u043d\u043e\u0441\u0442\u0438 \ud83c\udf10 \u0414\u043b\u044f \u0432\u0441\u0435\u0445 - Supra Legit","description":"\u041c\u044b \u043e\u0431\u0435\u0441\u043f\u0435\u0447\u0438\u0432\u0430\u0435\u043c \u0432\u0435\u0431-\u0434\u043e\u0441\u0442\u0443\u043f\u043d\u043e\u0441\u0442\u044c \ud83c\udf0d \u0432 \u0441\u043e\u043e\u0442\u0432\u0435\u0442\u0441\u0442\u0432\u0438\u0438 \u0441 \u0438\u0441\u043f\u0430\u043d\u0441\u043a\u0438\u043c\u0438 \u043d\u043e\u0440\u043c\u0430\u0442\u0438\u0432\u0430\u043c\u0438. \u0423\u043b\u0443\u0447\u0448\u0438\u0442\u0435 \u043d\u0430\u0432\u0438\u0433\u0430\u0446\u0438\u044e \u0441 \u043d\u0430\u0448\u0435\u0439 \u0441\u043f\u0435\u0446\u0438\u0430\u043b\u0438\u0437\u0438\u0440\u043e\u0432\u0430\u043d\u043d\u043e\u0439 \u043f\u043e\u0434\u0434\u0435\u0440\u0436\u043a\u043e\u0439.","robots":{"index":"index","follow":"follow","max-snippet":"max-snippet:-1","max-image-preview":"max-image-preview:large","max-video-preview":"max-video-preview:-1"},"canonical":"https:\/\/www.supralegit.com\/ru\/declaracion-de-accesibilidad\/","og_locale":"ru_RU","og_type":"article","og_title":"\u0417\u0430\u044f\u0432\u043b\u0435\u043d\u0438\u0435 \u043e \u0434\u043e\u0441\u0442\u0443\u043f\u043d\u043e\u0441\u0442\u0438 \ud83c\udf10 \u0414\u043b\u044f \u0432\u0441\u0435\u0445 - Supra Legit","og_description":"\u041c\u044b \u043e\u0431\u0435\u0441\u043f\u0435\u0447\u0438\u0432\u0430\u0435\u043c \u0432\u0435\u0431-\u0434\u043e\u0441\u0442\u0443\u043f\u043d\u043e\u0441\u0442\u044c \ud83c\udf0d \u0432 \u0441\u043e\u043e\u0442\u0432\u0435\u0442\u0441\u0442\u0432\u0438\u0438 \u0441 \u0438\u0441\u043f\u0430\u043d\u0441\u043a\u0438\u043c\u0438 \u043d\u043e\u0440\u043c\u0430\u0442\u0438\u0432\u0430\u043c\u0438. \u0423\u043b\u0443\u0447\u0448\u0438\u0442\u0435 \u043d\u0430\u0432\u0438\u0433\u0430\u0446\u0438\u044e \u0441 \u043d\u0430\u0448\u0435\u0439 \u0441\u043f\u0435\u0446\u0438\u0430\u043b\u0438\u0437\u0438\u0440\u043e\u0432\u0430\u043d\u043d\u043e\u0439 \u043f\u043e\u0434\u0434\u0435\u0440\u0436\u043a\u043e\u0439.","og_url":"https:\/\/www.supralegit.com\/ru\/declaracion-de-accesibilidad\/","og_site_name":"Supra Legit Lawyers","article_modified_time":"2025-03-17T13:08:14+00:00","twitter_card":"summary_large_image","twitter_misc":{"\u041f\u0440\u0438\u043c\u0435\u0440\u043d\u043e\u0435 \u0432\u0440\u0435\u043c\u044f \u0434\u043b\u044f \u0447\u0442\u0435\u043d\u0438\u044f":"2 \u043c\u0438\u043d\u0443\u0442\u044b"},"schema":{"@context":"https:\/\/schema.org","@graph":[{"@type":"WebPage","@id":"https:\/\/www.supralegit.com\/ru\/declaracion-de-accesibilidad\/","url":"https:\/\/www.supralegit.com\/ru\/declaracion-de-accesibilidad\/","name":"\u0417\u0430\u044f\u0432\u043b\u0435\u043d\u0438\u0435 \u043e \u0434\u043e\u0441\u0442\u0443\u043f\u043d\u043e\u0441\u0442\u0438 \ud83c\udf10 \u0414\u043b\u044f \u0432\u0441\u0435\u0445 - Supra Legit","isPartOf":{"@id":"https:\/\/www.supralegit.com\/ru\/#website"},"datePublished":"2024-08-02T06:16:33+00:00","dateModified":"2025-03-17T13:08:14+00:00","description":"\u041c\u044b \u043e\u0431\u0435\u0441\u043f\u0435\u0447\u0438\u0432\u0430\u0435\u043c \u0432\u0435\u0431-\u0434\u043e\u0441\u0442\u0443\u043f\u043d\u043e\u0441\u0442\u044c \ud83c\udf0d \u0432 \u0441\u043e\u043e\u0442\u0432\u0435\u0442\u0441\u0442\u0432\u0438\u0438 \u0441 \u0438\u0441\u043f\u0430\u043d\u0441\u043a\u0438\u043c\u0438 \u043d\u043e\u0440\u043c\u0430\u0442\u0438\u0432\u0430\u043c\u0438. \u0423\u043b\u0443\u0447\u0448\u0438\u0442\u0435 \u043d\u0430\u0432\u0438\u0433\u0430\u0446\u0438\u044e \u0441 \u043d\u0430\u0448\u0435\u0439 \u0441\u043f\u0435\u0446\u0438\u0430\u043b\u0438\u0437\u0438\u0440\u043e\u0432\u0430\u043d\u043d\u043e\u0439 \u043f\u043e\u0434\u0434\u0435\u0440\u0436\u043a\u043e\u0439.","breadcrumb":{"@id":"https:\/\/www.supralegit.com\/ru\/declaracion-de-accesibilidad\/#breadcrumb"},"inLanguage":"ru-RU","potentialAction":[{"@type":"ReadAction","target":["https:\/\/www.supralegit.com\/ru\/declaracion-de-accesibilidad\/"]}]},{"@type":"BreadcrumbList","@id":"https:\/\/www.supralegit.com\/ru\/declaracion-de-accesibilidad\/#breadcrumb","itemListElement":[{"@type":"ListItem","position":1,"name":"\u0413\u043b\u0430\u0432\u043d\u0430\u044f \u0441\u0442\u0440\u0430\u043d\u0438\u0446\u0430","item":"https:\/\/www.supralegit.com\/ru\/"},{"@type":"ListItem","position":2,"name":"Declaraci\u00f3n de accesibilidad"}]},{"@type":"WebSite","@id":"https:\/\/www.supralegit.com\/ru\/#website","url":"https:\/\/www.supralegit.com\/ru\/","name":"Supra Legit Lawyers","description":"Asesor\u00eda jur\u00eddica y fiscal para startups y empresas","publisher":{"@id":"https:\/\/www.supralegit.com\/ru\/#organization"},"potentialAction":[{"@type":"SearchAction","target":{"@type":"EntryPoint","urlTemplate":"https:\/\/www.supralegit.com\/ru\/?s={search_term_string}"},"query-input":{"@type":"PropertyValueSpecification","valueRequired":true,"valueName":"search_term_string"}}],"inLanguage":"ru-RU"},{"@type":"Organization","@id":"https:\/\/www.supralegit.com\/ru\/#organization","name":"Supra Legit Lawyers","url":"https:\/\/www.supralegit.com\/ru\/","logo":{"@type":"ImageObject","inLanguage":"ru-RU","@id":"https:\/\/www.supralegit.com\/ru\/#\/schema\/logo\/image\/","url":"https:\/\/www.supralegit.com\/wp-content\/uploads\/2024\/07\/cropped-Imagen-de-WhatsApp-2024-07-08-a-las-10.28.49_7fe5271c-1.jpg","contentUrl":"https:\/\/www.supralegit.com\/wp-content\/uploads\/2024\/07\/cropped-Imagen-de-WhatsApp-2024-07-08-a-las-10.28.49_7fe5271c-1.jpg","width":1600,"height":850,"caption":"Supra Legit Lawyers"},"image":{"@id":"https:\/\/www.supralegit.com\/ru\/#\/schema\/logo\/image\/"}}]}},"taxonomy_info":[],"featured_image_src_large":false,"author_info":{"display_name":"eloi","author_link":"https:\/\/www.supralegit.com\/ru\/blog\/author\/eloi\/"},"comment_info":0,"_links":{"self":[{"href":"https:\/\/www.supralegit.com\/ru\/wp-json\/wp\/v2\/pages\/5911","targetHints":{"allow":["GET"]}}],"collection":[{"href":"https:\/\/www.supralegit.com\/ru\/wp-json\/wp\/v2\/pages"}],"about":[{"href":"https:\/\/www.supralegit.com\/ru\/wp-json\/wp\/v2\/types\/page"}],"author":[{"embeddable":true,"href":"https:\/\/www.supralegit.com\/ru\/wp-json\/wp\/v2\/users\/1"}],"replies":[{"embeddable":true,"href":"https:\/\/www.supralegit.com\/ru\/wp-json\/wp\/v2\/comments?post=5911"}],"version-history":[{"count":0,"href":"https:\/\/www.supralegit.com\/ru\/wp-json\/wp\/v2\/pages\/5911\/revisions"}],"wp:attachment":[{"href":"https:\/\/www.supralegit.com\/ru\/wp-json\/wp\/v2\/media?parent=5911"}],"curies":[{"name":"wp","href":"https:\/\/api.w.org\/{rel}","templated":true}]}}